{"id":228,"date":"2019-08-01T13:14:13","date_gmt":"2019-08-01T13:14:13","guid":{"rendered":"http:\/\/medify.wgl-demo.net\/?page_id=228"},"modified":"2026-01-10T02:09:06","modified_gmt":"2026-01-10T02:09:06","slug":"contacts","status":"publish","type":"page","link":"https:\/\/dentalbliss.al\/al\/contacts\/","title":{"rendered":"Kontakt"},"content":{"rendered":"<div data-elementor-type=\"wp-post\" data-elementor-id=\"228\" class=\"elementor elementor-228\" data-elementor-post-type=\"page\">\n\t\t\t\t\t\t<section class=\"elementor-section elementor-top-section elementor-element elementor-element-c06e831 elementor-hidden-tablet elementor-hidden-mobile elementor-section-boxed elementor-section-height-default elementor-section-height-default\" data-id=\"c06e831\" data-element_type=\"section\" data-e-type=\"section\">\n\t\t\t\t\t\t<div class=\"elementor-container elementor-column-gap-default\">\n\t\t\t\t\t<div class=\"elementor-column elementor-col-100 elementor-top-column elementor-element elementor-element-1f1d542\" data-id=\"1f1d542\" data-element_type=\"column\" data-e-type=\"column\">\n\t\t\t<div class=\"elementor-widget-wrap elementor-element-populated\">\n\t\t\t\t\t\t<div class=\"elementor-element elementor-element-c29f9e3 elementor-widget elementor-widget-spacer\" data-id=\"c29f9e3\" data-element_type=\"widget\" data-e-type=\"widget\" data-widget_type=\"spacer.default\">\n\t\t\t\t<div class=\"elementor-widget-container\">\n\t\t\t\t\t\t\t<div class=\"elementor-spacer\">\n\t\t\t<div class=\"elementor-spacer-inner\"><\/div>\n\t\t<\/div>\n\t\t\t\t\t\t<\/div>\n\t\t\t\t<\/div>\n\t\t\t\t\t<\/div>\n\t\t<\/div>\n\t\t\t\t\t<\/div>\n\t\t<\/section>\n\t\t\t\t<section class=\"elementor-section elementor-top-section elementor-element elementor-element-1a335dd elementor-section-boxed elementor-section-height-default elementor-section-height-default\" data-id=\"1a335dd\" data-element_type=\"section\" data-e-type=\"section\">\n\t\t\t\t\t\t<div class=\"elementor-container elementor-column-gap-default\">\n\t\t\t\t\t<div class=\"elementor-column elementor-col-33 elementor-top-column elementor-element elementor-element-eecf75d\" data-id=\"eecf75d\" data-element_type=\"column\" data-e-type=\"column\">\n\t\t\t<div class=\"elementor-widget-wrap elementor-element-populated\">\n\t\t\t\t\t\t<div class=\"elementor-element elementor-element-a9c06d5 elementor-widget elementor-widget-wgl-double-headings\" data-id=\"a9c06d5\" data-element_type=\"widget\" data-e-type=\"widget\" data-widget_type=\"wgl-double-headings.default\">\n\t\t\t\t<div class=\"elementor-widget-container\">\n\t\t\t\t\t<div class=\"wgl-double_heading aleft\"><div class=\"dbl-subtitle\"><span>Dental Bliss<\/span><\/div>                <h2 class=\"dbl-title_wrapper\"><span class=\"dbl-title dbl-title_1\">Na Kontaktoni<\/span>                 <\/h2>        <\/div>\t\t\t\t<\/div>\n\t\t\t\t<\/div>\n\t\t\t\t<div class=\"elementor-element elementor-element-084bd17 elementor-widget elementor-widget-text-editor\" data-id=\"084bd17\" data-element_type=\"widget\" data-e-type=\"widget\" data-widget_type=\"text-editor.default\">\n\t\t\t\t<div class=\"elementor-widget-container\">\n\t\t\t\t\t\t\t\t\t<p>N\u00eb <a href=\"https:\/\/dentalbliss.al\/al\/\">Dental Bliss<\/a>, ekipi yn\u00eb  i profesionist\u00ebve dentar\u00eb, \u00ebsht\u00eb i p\u00ebrkushtuar p\u00ebr t\u00eb ofruar <a href=\"https:\/\/dentalbliss.al\/al\/sherbime\/\">sh\u00ebrbime dentare<\/a> t\u00eb nivelit t\u00eb lart\u00eb n\u00eb nj\u00eb mjedis t\u00eb rehatsh\u00ebm dhe relaksues. mos ngurroni t\u00eb na kontaktoni p\u00ebr t\u00eb caktuar <a href=\"https:\/\/dentalbliss.al\/al\/book-appointment\/\">takimin tuaj t\u00eb radh\u00ebs!<\/a>!<\/p>\t\t\t\t\t\t\t\t<\/div>\n\t\t\t\t<\/div>\n\t\t\t\t<div class=\"elementor-element elementor-element-c2ac86c elementor-position-left elementor-widget-icon-box wgl-icon-box elementor-view-default elementor-widget elementor-widget-wgl-info-box\" data-id=\"c2ac86c\" data-element_type=\"widget\" data-e-type=\"widget\" data-widget_type=\"wgl-info-box.default\">\n\t\t\t\t<div class=\"elementor-widget-container\">\n\t\t\t\t\t<div class=\"wgl-infobox\"><div class=\"wgl-infobox_wrapper elementor-icon-box-wrapper\"><div class=\"wgl-infobox-icon_wrapper elementor-icon-box-icon\"><div class=\"wgl-infobox-icon_container\"><span class=\"wgl-icon elementor-icon elementor-animation-\" ><i class=\"icon flaticon-call\"><\/i><\/span><\/div><\/div><div class=\"wgl-infobox-content_wrapper elementor-icon-box-content\"><div class=\"wgl-infobox-title_wrapper\"><h3 class=\"wgl-infobox_title\">Na Telefonini n\u00eb<\/h3><\/div><div class=\"wgl-infobox_content\"><p><a href=\"tel:+355696707897\">+<span>355 69 670 7897<\/span><\/a><\/p><\/div><\/div><a class=\"wgl-infobox_item_link\" href=\"#\"><\/a><\/div><\/div>\t\t\t\t<\/div>\n\t\t\t\t<\/div>\n\t\t\t\t<div class=\"elementor-element elementor-element-8b66550 elementor-position-left elementor-widget-icon-box wgl-icon-box elementor-view-default elementor-widget elementor-widget-wgl-info-box\" data-id=\"8b66550\" data-element_type=\"widget\" data-e-type=\"widget\" data-widget_type=\"wgl-info-box.default\">\n\t\t\t\t<div class=\"elementor-widget-container\">\n\t\t\t\t\t<div class=\"wgl-infobox\"><div class=\"wgl-infobox_wrapper elementor-icon-box-wrapper\"><div class=\"wgl-infobox-icon_wrapper elementor-icon-box-icon\"><div class=\"wgl-infobox-icon_container\"><span class=\"wgl-icon elementor-icon elementor-animation-\" ><i class=\"icon flaticon-mail-2\"><\/i><\/span><\/div><\/div><div class=\"wgl-infobox-content_wrapper elementor-icon-box-content\"><div class=\"wgl-infobox-title_wrapper\"><h3 class=\"wgl-infobox_title\">Email<\/h3><\/div><div class=\"wgl-infobox_content\"><a href=\"mailto:support@dentalbliss.al\"><span>support@dentalbliss.al<\/span><\/a><\/div><\/div><a class=\"wgl-infobox_item_link\" href=\"mailto:support@dentalbliss.al\"><\/a><\/div><\/div>\t\t\t\t<\/div>\n\t\t\t\t<\/div>\n\t\t\t\t<div class=\"elementor-element elementor-element-9096f08 elementor-position-left elementor-widget-icon-box wgl-icon-box elementor-view-default elementor-widget elementor-widget-wgl-info-box\" data-id=\"9096f08\" data-element_type=\"widget\" data-e-type=\"widget\" data-widget_type=\"wgl-info-box.default\">\n\t\t\t\t<div class=\"elementor-widget-container\">\n\t\t\t\t\t<div class=\"wgl-infobox\"><div class=\"wgl-infobox_wrapper elementor-icon-box-wrapper\"><div class=\"wgl-infobox-icon_wrapper elementor-icon-box-icon\"><div class=\"wgl-infobox-icon_container\"><span class=\"wgl-icon elementor-icon elementor-animation-\" ><i class=\"icon flaticon-pin-1\"><\/i><\/span><\/div><\/div><div class=\"wgl-infobox-content_wrapper elementor-icon-box-content\"><div class=\"wgl-infobox-title_wrapper\"><h3 class=\"wgl-infobox_title\">Adresa<\/h3><\/div><div class=\"wgl-infobox_content\"><p><a href=\"https:\/\/goo.gl\/maps\/uvmMzyrz7Njmrk5n9\">Tirane<\/a><br \/><a href=\"https:\/\/goo.gl\/maps\/2pQj9PmRjZwjccdE7\">Elbasan<\/a><\/p><\/div><\/div><\/div><\/div>\t\t\t\t<\/div>\n\t\t\t\t<\/div>\n\t\t\t\t\t<\/div>\n\t\t<\/div>\n\t\t\t\t<div class=\"elementor-column elementor-col-66 elementor-top-column elementor-element elementor-element-1bfa606\" data-id=\"1bfa606\" data-element_type=\"column\" data-e-type=\"column\">\n\t\t\t<div class=\"elementor-widget-wrap elementor-element-populated\">\n\t\t\t\t\t\t<div class=\"elementor-element elementor-element-026a9d0 elementor-widget elementor-widget-wgl-double-headings\" data-id=\"026a9d0\" data-element_type=\"widget\" data-e-type=\"widget\" data-widget_type=\"wgl-double-headings.default\">\n\t\t\t\t<div class=\"elementor-widget-container\">\n\t\t\t\t\t<div class=\"wgl-double_heading aleft\"><div class=\"dbl-subtitle\"><span>Na Shkruani<\/span><\/div>                <h3 class=\"dbl-title_wrapper\"><span class=\"dbl-title dbl-title_1\">Na Kontaktoni<\/span>                 <\/h3>        <\/div>\t\t\t\t<\/div>\n\t\t\t\t<\/div>\n\t\t\t\t<div class=\"elementor-element elementor-element-e2e5040 elementor-widget elementor-widget-text-editor\" data-id=\"e2e5040\" data-element_type=\"widget\" data-e-type=\"widget\" data-widget_type=\"text-editor.default\">\n\t\t\t\t<div class=\"elementor-widget-container\">\n\t\t\t\t\t\t\t\t\t<p>\n<div class=\"wpcf7 no-js\" id=\"wpcf7-f4055-o1\" lang=\"en-US\" dir=\"ltr\" data-wpcf7-id=\"4055\">\n<div class=\"screen-reader-response\"><p role=\"status\" aria-live=\"polite\" aria-atomic=\"true\"><\/p> <ul><\/ul><\/div>\n<form action=\"\/al\/wp-json\/wp\/v2\/pages\/228#wpcf7-f4055-o1\" method=\"post\" class=\"wpcf7-form init\" aria-label=\"Contact form\" novalidate=\"novalidate\" data-status=\"init\" data-trp-original-action=\"\/al\/wp-json\/wp\/v2\/pages\/228#wpcf7-f4055-o1\">\n<fieldset class=\"hidden-fields-container\"><input type=\"hidden\" name=\"_wpcf7\" value=\"4055\" \/><input type=\"hidden\" name=\"_wpcf7_version\" value=\"6.1.5\" \/><input type=\"hidden\" name=\"_wpcf7_locale\" value=\"en_US\" \/><input type=\"hidden\" name=\"_wpcf7_unit_tag\" value=\"wpcf7-f4055-o1\" \/><input type=\"hidden\" name=\"_wpcf7_container_post\" value=\"0\" \/><input type=\"hidden\" name=\"_wpcf7_posted_data_hash\" value=\"\" \/>\n<\/fieldset>\n<span class=\"wpcf7-form-control-wrap\" data-name=\"full-name\"><input size=\"40\" maxlength=\"400\" class=\"wpcf7-form-control wpcf7-text wpcf7-validates-as-required\" autocomplete=\"name\" aria-required=\"true\" aria-invalid=\"false\" placeholder=\"Emri i Plote\" value=\"\" type=\"text\" name=\"full-name\" \/><\/span>\n\n<span class=\"wpcf7-form-control-wrap\" data-name=\"email\"><input size=\"40\" maxlength=\"400\" class=\"wpcf7-form-control wpcf7-email wpcf7-validates-as-required wpcf7-text wpcf7-validates-as-email\" autocomplete=\"email\" aria-required=\"true\" aria-invalid=\"false\" placeholder=\"Email Address\" value=\"\" type=\"email\" name=\"email\" \/><\/span>\n\n<span class=\"wpcf7-form-control-wrap\" data-name=\"phone\"><input size=\"40\" maxlength=\"400\" class=\"wpcf7-form-control wpcf7-tel wpcf7-validates-as-required wpcf7-text wpcf7-validates-as-tel\" autocomplete=\"tel\" aria-required=\"true\" aria-invalid=\"false\" placeholder=\"Phone \/ WhatsApp\" value=\"\" type=\"tel\" name=\"phone\" \/><\/span>\n\n<span class=\"wpcf7-form-control-wrap\" data-name=\"country\"><input size=\"40\" maxlength=\"400\" class=\"wpcf7-form-control wpcf7-text wpcf7-validates-as-required\" autocomplete=\"country-name\" aria-required=\"true\" aria-invalid=\"false\" placeholder=\"Country\" value=\"\" type=\"text\" name=\"country\" \/><\/span>\n\n<span class=\"wpcf7-form-control-wrap\" data-name=\"dental-service\"><input size=\"40\" maxlength=\"400\" class=\"wpcf7-form-control wpcf7-text wpcf7-validates-as-required\" aria-required=\"true\" aria-invalid=\"false\" placeholder=\"Dental service needed (e.g. implants, veneers, full mouth)\" value=\"\" type=\"text\" name=\"dental-service\" \/><\/span>\n\n<span class=\"wpcf7-form-control-wrap\" data-name=\"message\"><textarea cols=\"40\" rows=\"10\" maxlength=\"2000\" class=\"wpcf7-form-control wpcf7-textarea\" aria-invalid=\"false\" placeholder=\"Your message\" name=\"message\"><\/textarea><\/span>\n\n<input class=\"wpcf7-form-control wpcf7-submit has-spinner\" type=\"submit\" value=\"Request Free Consultation\" \/><p style=\"display: none !important;\" class=\"akismet-fields-container\" data-prefix=\"_wpcf7_ak_\"><label>&#916;<textarea name=\"_wpcf7_ak_hp_textarea\" cols=\"45\" rows=\"8\" maxlength=\"100\"><\/textarea><\/label><input type=\"hidden\" id=\"ak_js_1\" name=\"_wpcf7_ak_js\" value=\"111\"\/><script>document.getElementById( \"ak_js_1\" ).setAttribute( \"value\", ( new Date() ).getTime() );<\/script><\/p><div class=\"wpcf7-response-output\" aria-hidden=\"true\"><\/div>\n<input type=\"hidden\" name=\"trp-form-language\" value=\"al\"\/><\/form>\n<\/div>\n<\/p>\t\t\t\t\t\t\t\t<\/div>\n\t\t\t\t<\/div>\n\t\t\t\t\t<\/div>\n\t\t<\/div>\n\t\t\t\t\t<\/div>\n\t\t<\/section>\n\t\t\t\t<section class=\"elementor-section elementor-top-section elementor-element elementor-element-8b14119 elementor-section-boxed elementor-section-height-default elementor-section-height-default\" data-id=\"8b14119\" data-element_type=\"section\" data-e-type=\"section\">\n\t\t\t\t\t\t<div class=\"elementor-container elementor-column-gap-default\">\n\t\t\t\t\t<div class=\"elementor-column elementor-col-100 elementor-top-column elementor-element elementor-element-7227c3b\" data-id=\"7227c3b\" data-element_type=\"column\" data-e-type=\"column\">\n\t\t\t<div class=\"elementor-widget-wrap elementor-element-populated\">\n\t\t\t\t\t\t<div class=\"elementor-element elementor-element-839fa0f elementor-widget elementor-widget-spacer\" data-id=\"839fa0f\" data-element_type=\"widget\" data-e-type=\"widget\" data-widget_type=\"spacer.default\">\n\t\t\t\t<div class=\"elementor-widget-container\">\n\t\t\t\t\t\t\t<div class=\"elementor-spacer\">\n\t\t\t<div class=\"elementor-spacer-inner\"><\/div>\n\t\t<\/div>\n\t\t\t\t\t\t<\/div>\n\t\t\t\t<\/div>\n\t\t\t\t<div class=\"elementor-element elementor-element-34aa1a7 elementor-widget elementor-widget-image\" data-id=\"34aa1a7\" data-element_type=\"widget\" data-e-type=\"widget\" data-widget_type=\"image.default\">\n\t\t\t\t<div class=\"elementor-widget-container\">\n\t\t\t\t\t\t\t\t\t\t\t\t\t\t\t<img fetchpriority=\"high\" decoding=\"async\" width=\"2560\" height=\"1228\" src=\"https:\/\/dentalbliss.al\/wp-content\/uploads\/2023\/06\/GER9461-HDR-1-scaled-e1686055600137.webp\" class=\"attachment-full size-full wp-image-3692\" alt=\"\" srcset=\"https:\/\/dentalbliss.al\/wp-content\/uploads\/2023\/06\/GER9461-HDR-1-scaled-e1686055600137.webp 2560w, https:\/\/dentalbliss.al\/wp-content\/uploads\/2023\/06\/GER9461-HDR-1-scaled-e1686055600137-300x144.webp 300w, https:\/\/dentalbliss.al\/wp-content\/uploads\/2023\/06\/GER9461-HDR-1-scaled-e1686055600137-1024x491.webp 1024w, https:\/\/dentalbliss.al\/wp-content\/uploads\/2023\/06\/GER9461-HDR-1-scaled-e1686055600137-768x368.webp 768w, https:\/\/dentalbliss.al\/wp-content\/uploads\/2023\/06\/GER9461-HDR-1-scaled-e1686055600137-1536x737.webp 1536w, https:\/\/dentalbliss.al\/wp-content\/uploads\/2023\/06\/GER9461-HDR-1-scaled-e1686055600137-2048x982.webp 2048w, https:\/\/dentalbliss.al\/wp-content\/uploads\/2023\/06\/GER9461-HDR-1-scaled-e1686055600137-18x9.webp 18w\" sizes=\"(max-width: 2560px) 100vw, 2560px\" \/>\t\t\t\t\t\t\t\t\t\t\t\t\t\t\t<\/div>\n\t\t\t\t<\/div>\n\t\t\t\t<div class=\"elementor-element elementor-element-b7d85ee elementor-widget elementor-widget-spacer\" data-id=\"b7d85ee\" data-element_type=\"widget\" data-e-type=\"widget\" data-widget_type=\"spacer.default\">\n\t\t\t\t<div class=\"elementor-widget-container\">\n\t\t\t\t\t\t\t<div class=\"elementor-spacer\">\n\t\t\t<div class=\"elementor-spacer-inner\"><\/div>\n\t\t<\/div>\n\t\t\t\t\t\t<\/div>\n\t\t\t\t<\/div>\n\t\t\t\t\t<\/div>\n\t\t<\/div>\n\t\t\t\t\t<\/div>\n\t\t<\/section>\n\t\t\t\t<\/div>","protected":false},"excerpt":{"rendered":"<p>Dental Bliss Contact Us At Dental Bliss, our experienced team of dental professionals is dedicated to providing top-notch dental services in a comfortable and relaxing environment &#8211; feel free to reach out to us to schedule your next appointment! Call Us +355 69 670 7897 Email support@dentalbliss.al Location TiraneElbasan Write us Get in Touch<\/p>","protected":false},"author":2,"featured_media":0,"parent":0,"menu_order":0,"comment_status":"closed","ping_status":"closed","template":"","meta":{"footnotes":""},"class_list":["post-228","page","type-page","status-publish","hentry"],"yoast_head":"<!-- This site is optimized with the Yoast SEO plugin v27.3 - https:\/\/yoast.com\/product\/yoast-seo-wordpress\/ -->\n<title>Contact Us | Dental Bliss<\/title>\n<meta name=\"description\" content=\"Looking for the best dental clinic in Tirana? Contact us today to schedule your appointment and take the first step towards dental care.\" \/>\n<meta name=\"robots\" content=\"index, follow, max-snippet:-1, max-image-preview:large, max-video-preview:-1\" \/>\n<link rel=\"canonical\" href=\"https:\/\/dentalbliss.al\/al\/contacts\/\" \/>\n<meta property=\"og:locale\" content=\"sq_AL\" \/>\n<meta property=\"og:type\" content=\"article\" \/>\n<meta property=\"og:title\" content=\"Contact Us | Dental Bliss\" \/>\n<meta property=\"og:description\" content=\"Looking for the best dental clinic in Tirana? Contact us today to schedule your appointment and take the first step towards dental care.\" \/>\n<meta property=\"og:url\" content=\"https:\/\/dentalbliss.al\/al\/contacts\/\" \/>\n<meta property=\"og:site_name\" content=\"Dental Bliss\" \/>\n<meta property=\"article:modified_time\" content=\"2026-01-10T02:09:06+00:00\" \/>\n<meta property=\"og:image\" content=\"https:\/\/dentalbliss.al\/wp-content\/uploads\/2023\/06\/GER9461-HDR-1-scaled-e1686055600137.webp\" \/>\n\t<meta property=\"og:image:width\" content=\"2560\" \/>\n\t<meta property=\"og:image:height\" content=\"1228\" \/>\n\t<meta property=\"og:image:type\" content=\"image\/jpeg\" \/>\n<meta name=\"twitter:card\" content=\"summary_large_image\" \/>\n<meta name=\"twitter:label1\" content=\"Est. reading time\" \/>\n\t<meta name=\"twitter:data1\" content=\"1 minut\u00eb\" \/>\n<script type=\"application\/ld+json\" class=\"yoast-schema-graph\">{\"@context\":\"https:\\\/\\\/schema.org\",\"@graph\":[{\"@type\":\"WebPage\",\"@id\":\"https:\\\/\\\/dentalbliss.al\\\/contacts\\\/\",\"url\":\"https:\\\/\\\/dentalbliss.al\\\/contacts\\\/\",\"name\":\"Contact Us | Dental Bliss\",\"isPartOf\":{\"@id\":\"https:\\\/\\\/dentalbliss.al\\\/#website\"},\"primaryImageOfPage\":{\"@id\":\"https:\\\/\\\/dentalbliss.al\\\/contacts\\\/#primaryimage\"},\"image\":{\"@id\":\"https:\\\/\\\/dentalbliss.al\\\/contacts\\\/#primaryimage\"},\"thumbnailUrl\":\"https:\\\/\\\/dentalbliss.al\\\/wp-content\\\/uploads\\\/2023\\\/06\\\/GER9461-HDR-1-scaled-e1686055600137.webp\",\"datePublished\":\"2019-08-01T13:14:13+00:00\",\"dateModified\":\"2026-01-10T02:09:06+00:00\",\"description\":\"Looking for the best dental clinic in Tirana? Contact us today to schedule your appointment and take the first step towards dental care.\",\"breadcrumb\":{\"@id\":\"https:\\\/\\\/dentalbliss.al\\\/contacts\\\/#breadcrumb\"},\"inLanguage\":\"sq\",\"potentialAction\":[{\"@type\":\"ReadAction\",\"target\":[\"https:\\\/\\\/dentalbliss.al\\\/contacts\\\/\"]}]},{\"@type\":\"ImageObject\",\"inLanguage\":\"sq\",\"@id\":\"https:\\\/\\\/dentalbliss.al\\\/contacts\\\/#primaryimage\",\"url\":\"https:\\\/\\\/dentalbliss.al\\\/wp-content\\\/uploads\\\/2023\\\/06\\\/GER9461-HDR-1-scaled-e1686055600137.webp\",\"contentUrl\":\"https:\\\/\\\/dentalbliss.al\\\/wp-content\\\/uploads\\\/2023\\\/06\\\/GER9461-HDR-1-scaled-e1686055600137.webp\"},{\"@type\":\"BreadcrumbList\",\"@id\":\"https:\\\/\\\/dentalbliss.al\\\/contacts\\\/#breadcrumb\",\"itemListElement\":[{\"@type\":\"ListItem\",\"position\":1,\"name\":\"Home\",\"item\":\"https:\\\/\\\/dentalbliss.al\\\/\"},{\"@type\":\"ListItem\",\"position\":2,\"name\":\"Contacts\"}]},{\"@type\":\"WebSite\",\"@id\":\"https:\\\/\\\/dentalbliss.al\\\/#website\",\"url\":\"https:\\\/\\\/dentalbliss.al\\\/\",\"name\":\"Dental Bliss\",\"description\":\"Expert Dental Clinic for a Shining Smile\",\"publisher\":{\"@id\":\"https:\\\/\\\/dentalbliss.al\\\/#organization\"},\"potentialAction\":[{\"@type\":\"SearchAction\",\"target\":{\"@type\":\"EntryPoint\",\"urlTemplate\":\"https:\\\/\\\/dentalbliss.al\\\/?s={search_term_string}\"},\"query-input\":{\"@type\":\"PropertyValueSpecification\",\"valueRequired\":true,\"valueName\":\"search_term_string\"}}],\"inLanguage\":\"sq\"},{\"@type\":\"Organization\",\"@id\":\"https:\\\/\\\/dentalbliss.al\\\/#organization\",\"name\":\"Dental Bliss\",\"url\":\"https:\\\/\\\/dentalbliss.al\\\/\",\"logo\":{\"@type\":\"ImageObject\",\"inLanguage\":\"sq\",\"@id\":\"https:\\\/\\\/dentalbliss.al\\\/#\\\/schema\\\/logo\\\/image\\\/\",\"url\":\"https:\\\/\\\/dentalbliss.al\\\/wp-content\\\/uploads\\\/2023\\\/03\\\/logo-blu-e-erret.png\",\"contentUrl\":\"https:\\\/\\\/dentalbliss.al\\\/wp-content\\\/uploads\\\/2023\\\/03\\\/logo-blu-e-erret.png\",\"width\":1500,\"height\":1500,\"caption\":\"Dental Bliss\"},\"image\":{\"@id\":\"https:\\\/\\\/dentalbliss.al\\\/#\\\/schema\\\/logo\\\/image\\\/\"},\"sameAs\":[\"https:\\\/\\\/www.instagram.com\\\/dentalbliss_dentalclinic\\\/\"]}]}<\/script>\n<!-- \/ Yoast SEO plugin. -->","yoast_head_json":{"title":"Na Kontaktoni | Dental Bliss","description":"Po k\u00ebrkoni klinik\u00ebn m\u00eb t\u00eb mir\u00eb dentare n\u00eb Tiran\u00eb? Na kontaktoni sot p\u00ebr t\u00eb caktuar takimin tuaj dhe p\u00ebr t\u00eb b\u00ebr\u00eb hapin e par\u00eb drejt kujdesit dentar.","robots":{"index":"index","follow":"follow","max-snippet":"max-snippet:-1","max-image-preview":"max-image-preview:large","max-video-preview":"max-video-preview:-1"},"canonical":"https:\/\/dentalbliss.al\/al\/contacts\/","og_locale":"sq_AL","og_type":"article","og_title":"Contact Us | Dental Bliss","og_description":"Looking for the best dental clinic in Tirana? Contact us today to schedule your appointment and take the first step towards dental care.","og_url":"https:\/\/dentalbliss.al\/al\/contacts\/","og_site_name":"Dental Bliss","article_modified_time":"2026-01-10T02:09:06+00:00","og_image":[{"width":2560,"height":1228,"url":"https:\/\/dentalbliss.al\/wp-content\/uploads\/2023\/06\/GER9461-HDR-1-scaled-e1686055600137.webp","type":"image\/jpeg"}],"twitter_card":"summary_large_image","twitter_misc":{"Est. reading time":"1 minut\u00eb"},"schema":{"@context":"https:\/\/schema.org","@graph":[{"@type":"WebPage","@id":"https:\/\/dentalbliss.al\/contacts\/","url":"https:\/\/dentalbliss.al\/contacts\/","name":"Na Kontaktoni | Dental Bliss","isPartOf":{"@id":"https:\/\/dentalbliss.al\/#website"},"primaryImageOfPage":{"@id":"https:\/\/dentalbliss.al\/contacts\/#primaryimage"},"image":{"@id":"https:\/\/dentalbliss.al\/contacts\/#primaryimage"},"thumbnailUrl":"https:\/\/dentalbliss.al\/wp-content\/uploads\/2023\/06\/GER9461-HDR-1-scaled-e1686055600137.webp","datePublished":"2019-08-01T13:14:13+00:00","dateModified":"2026-01-10T02:09:06+00:00","description":"Po k\u00ebrkoni klinik\u00ebn m\u00eb t\u00eb mir\u00eb dentare n\u00eb Tiran\u00eb? Na kontaktoni sot p\u00ebr t\u00eb caktuar takimin tuaj dhe p\u00ebr t\u00eb b\u00ebr\u00eb hapin e par\u00eb drejt kujdesit dentar.","breadcrumb":{"@id":"https:\/\/dentalbliss.al\/contacts\/#breadcrumb"},"inLanguage":"sq","potentialAction":[{"@type":"ReadAction","target":["https:\/\/dentalbliss.al\/contacts\/"]}]},{"@type":"ImageObject","inLanguage":"sq","@id":"https:\/\/dentalbliss.al\/contacts\/#primaryimage","url":"https:\/\/dentalbliss.al\/wp-content\/uploads\/2023\/06\/GER9461-HDR-1-scaled-e1686055600137.webp","contentUrl":"https:\/\/dentalbliss.al\/wp-content\/uploads\/2023\/06\/GER9461-HDR-1-scaled-e1686055600137.webp"},{"@type":"BreadcrumbList","@id":"https:\/\/dentalbliss.al\/contacts\/#breadcrumb","itemListElement":[{"@type":"ListItem","position":1,"name":"Home","item":"https:\/\/dentalbliss.al\/"},{"@type":"ListItem","position":2,"name":"Contacts"}]},{"@type":"WebSite","@id":"https:\/\/dentalbliss.al\/#website","url":"https:\/\/dentalbliss.al\/","name":"Dental Bliss","description":"Expert Dental Clinic for a Shining Smile","publisher":{"@id":"https:\/\/dentalbliss.al\/#organization"},"potentialAction":[{"@type":"SearchAction","target":{"@type":"EntryPoint","urlTemplate":"https:\/\/dentalbliss.al\/?s={search_term_string}"},"query-input":{"@type":"PropertyValueSpecification","valueRequired":true,"valueName":"search_term_string"}}],"inLanguage":"sq"},{"@type":"Organization","@id":"https:\/\/dentalbliss.al\/#organization","name":"Dental Bliss","url":"https:\/\/dentalbliss.al\/","logo":{"@type":"ImageObject","inLanguage":"sq","@id":"https:\/\/dentalbliss.al\/#\/schema\/logo\/image\/","url":"https:\/\/dentalbliss.al\/wp-content\/uploads\/2023\/03\/logo-blu-e-erret.png","contentUrl":"https:\/\/dentalbliss.al\/wp-content\/uploads\/2023\/03\/logo-blu-e-erret.png","width":1500,"height":1500,"caption":"Dental Bliss"},"image":{"@id":"https:\/\/dentalbliss.al\/#\/schema\/logo\/image\/"},"sameAs":["https:\/\/www.instagram.com\/dentalbliss_dentalclinic\/"]}]}},"_links":{"self":[{"href":"https:\/\/dentalbliss.al\/al\/wp-json\/wp\/v2\/pages\/228","targetHints":{"allow":["GET"]}}],"collection":[{"href":"https:\/\/dentalbliss.al\/al\/wp-json\/wp\/v2\/pages"}],"about":[{"href":"https:\/\/dentalbliss.al\/al\/wp-json\/wp\/v2\/types\/page"}],"author":[{"embeddable":true,"href":"https:\/\/dentalbliss.al\/al\/wp-json\/wp\/v2\/users\/2"}],"replies":[{"embeddable":true,"href":"https:\/\/dentalbliss.al\/al\/wp-json\/wp\/v2\/comments?post=228"}],"version-history":[{"count":60,"href":"https:\/\/dentalbliss.al\/al\/wp-json\/wp\/v2\/pages\/228\/revisions"}],"predecessor-version":[{"id":4099,"href":"https:\/\/dentalbliss.al\/al\/wp-json\/wp\/v2\/pages\/228\/revisions\/4099"}],"wp:attachment":[{"href":"https:\/\/dentalbliss.al\/al\/wp-json\/wp\/v2\/media?parent=228"}],"curies":[{"name":"wp","href":"https:\/\/api.w.org\/{rel}","templated":true}]}}